{"id":8,"date":"2025-02-25T19:33:15","date_gmt":"2025-02-25T19:33:15","guid":{"rendered":"http:\/\/dotestow.dfirma.pl\/?page_id=8"},"modified":"2025-02-25T20:20:20","modified_gmt":"2025-02-25T20:20:20","slug":"elementor-8","status":"publish","type":"page","link":"https:\/\/dotestow.dfirma.pl\/index.php\/elementor-8\/","title":{"rendered":"Elementor #8"},"content":{"rendered":"\t\t<div data-elementor-type=\"wp-post\" data-elementor-id=\"8\" class=\"elementor elementor-8\">\n\t\t\t\t<div class=\"elementor-element elementor-element-a6af016 e-con-full e-flex e-con e-parent\" data-id=\"a6af016\" data-element_type=\"container\">\n\t\t<div class=\"elementor-element elementor-element-69ec8aa e-con-full e-flex e-con e-child\" data-id=\"69ec8aa\" data-element_type=\"container\">\n\t\t\t\t<div class=\"elementor-element elementor-element-8450708 elementor-widget elementor-widget-heading\" data-id=\"8450708\" data-element_type=\"widget\" data-widget_type=\"heading.default\">\n\t\t\t\t<div class=\"elementor-widget-container\">\n\t\t\t\t\t<h2 class=\"elementor-heading-title elementor-size-default\">Dodaj tu sw\u00f3j tekst nag\u0142\u00f3wka<\/h2>\t\t\t\t<\/div>\n\t\t\t\t<\/div>\n\t\t\t\t<div class=\"elementor-element elementor-element-bb45c5e elementor-widget elementor-widget-text-editor\" data-id=\"bb45c5e\" data-element_type=\"widget\" data-widget_type=\"text-editor.default\">\n\t\t\t\t<div class=\"elementor-widget-container\">\n\t\t\t\t\t\t\t\t\t<p>Lorem ipsum dolor sit amet, consectetur adipiscing elit. Ut elit tellus, luctus nec ullamcorper mattis, pulvinar dapibus leo.<\/p>\t\t\t\t\t\t\t\t<\/div>\n\t\t\t\t<\/div>\n\t\t<div class=\"elementor-element elementor-element-90c0e5e e-con-full e-flex e-con e-child\" data-id=\"90c0e5e\" data-element_type=\"container\">\n\t\t\t\t<div class=\"elementor-element elementor-element-dfd0165 elementor-widget elementor-widget-button\" data-id=\"dfd0165\" data-element_type=\"widget\" data-widget_type=\"button.default\">\n\t\t\t\t<div class=\"elementor-widget-container\">\n\t\t\t\t\t\t\t\t\t<div class=\"elementor-button-wrapper\">\n\t\t\t\t\t<a class=\"elementor-button elementor-button-link elementor-size-sm\" href=\"#\">\n\t\t\t\t\t\t<span class=\"elementor-button-content-wrapper\">\n\t\t\t\t\t\t\t\t\t<span class=\"elementor-button-text\">Kliknij tutaj<\/span>\n\t\t\t\t\t<\/span>\n\t\t\t\t\t<\/a>\n\t\t\t\t<\/div>\n\t\t\t\t\t\t\t\t<\/div>\n\t\t\t\t<\/div>\n\t\t\t\t<div class=\"elementor-element elementor-element-8411268 elementor-widget elementor-widget-button\" data-id=\"8411268\" data-element_type=\"widget\" data-widget_type=\"button.default\">\n\t\t\t\t<div class=\"elementor-widget-container\">\n\t\t\t\t\t\t\t\t\t<div class=\"elementor-button-wrapper\">\n\t\t\t\t\t<a class=\"elementor-button elementor-button-link elementor-size-sm\" href=\"#\">\n\t\t\t\t\t\t<span class=\"elementor-button-content-wrapper\">\n\t\t\t\t\t\t\t\t\t<span class=\"elementor-button-text\">Kliknij tutaj<\/span>\n\t\t\t\t\t<\/span>\n\t\t\t\t\t<\/a>\n\t\t\t\t<\/div>\n\t\t\t\t\t\t\t\t<\/div>\n\t\t\t\t<\/div>\n\t\t\t\t<\/div>\n\t\t\t\t<\/div>\n\t\t<div class=\"elementor-element elementor-element-d4d37c3 e-con-full e-flex e-con e-child\" data-id=\"d4d37c3\" data-element_type=\"container\">\n\t\t\t\t<div class=\"elementor-element elementor-element-8535148 elementor-widget elementor-widget-image\" data-id=\"8535148\" data-element_type=\"widget\" data-widget_type=\"image.default\">\n\t\t\t\t<div class=\"elementor-widget-container\">\n\t\t\t\t\t\t\t\t\t\t\t\t\t\t\t<img fetchpriority=\"high\" decoding=\"async\" width=\"643\" height=\"359\" src=\"https:\/\/dotestow.dfirma.pl\/wp-content\/uploads\/2025\/02\/Screenshot-2025-02-25-at-20.59.21.png\" class=\"attachment-large size-large wp-image-14\" alt=\"\" srcset=\"https:\/\/dotestow.dfirma.pl\/wp-content\/uploads\/2025\/02\/Screenshot-2025-02-25-at-20.59.21.png 643w, https:\/\/dotestow.dfirma.pl\/wp-content\/uploads\/2025\/02\/Screenshot-2025-02-25-at-20.59.21-300x167.png 300w\" sizes=\"(max-width: 643px) 100vw, 643px\" \/>\t\t\t\t\t\t\t\t\t\t\t\t\t\t\t<\/div>\n\t\t\t\t<\/div>\n\t\t\t\t<\/div>\n\t\t\t\t<\/div>\n\t\t<div class=\"elementor-element elementor-element-9dacac7 e-con-full e-flex e-con e-parent\" data-id=\"9dacac7\" data-element_type=\"container\">\n\t\t\t\t<div class=\"elementor-element elementor-element-edd0fbe elementor-widget elementor-widget-image\" data-id=\"edd0fbe\" data-element_type=\"widget\" data-widget_type=\"image.default\">\n\t\t\t\t<div class=\"elementor-widget-container\">\n\t\t\t\t\t\t\t\t\t\t\t\t\t\t\t<img fetchpriority=\"high\" decoding=\"async\" width=\"643\" height=\"359\" src=\"https:\/\/dotestow.dfirma.pl\/wp-content\/uploads\/2025\/02\/Screenshot-2025-02-25-at-20.59.21.png\" class=\"attachment-large size-large wp-image-14\" alt=\"\" srcset=\"https:\/\/dotestow.dfirma.pl\/wp-content\/uploads\/2025\/02\/Screenshot-2025-02-25-at-20.59.21.png 643w, https:\/\/dotestow.dfirma.pl\/wp-content\/uploads\/2025\/02\/Screenshot-2025-02-25-at-20.59.21-300x167.png 300w\" sizes=\"(max-width: 643px) 100vw, 643px\" \/>\t\t\t\t\t\t\t\t\t\t\t\t\t\t\t<\/div>\n\t\t\t\t<\/div>\n\t\t\t\t<div class=\"elementor-element elementor-element-34f7dde elementor-widget elementor-widget-image\" data-id=\"34f7dde\" data-element_type=\"widget\" data-widget_type=\"image.default\">\n\t\t\t\t<div class=\"elementor-widget-container\">\n\t\t\t\t\t\t\t\t\t\t\t\t\t\t\t<img fetchpriority=\"high\" decoding=\"async\" width=\"643\" height=\"359\" src=\"https:\/\/dotestow.dfirma.pl\/wp-content\/uploads\/2025\/02\/Screenshot-2025-02-25-at-20.59.21.png\" class=\"attachment-large size-large wp-image-14\" alt=\"\" srcset=\"https:\/\/dotestow.dfirma.pl\/wp-content\/uploads\/2025\/02\/Screenshot-2025-02-25-at-20.59.21.png 643w, https:\/\/dotestow.dfirma.pl\/wp-content\/uploads\/2025\/02\/Screenshot-2025-02-25-at-20.59.21-300x167.png 300w\" sizes=\"(max-width: 643px) 100vw, 643px\" \/>\t\t\t\t\t\t\t\t\t\t\t\t\t\t\t<\/div>\n\t\t\t\t<\/div>\n\t\t\t\t<div class=\"elementor-element elementor-element-e6f6800 elementor-widget elementor-widget-image\" data-id=\"e6f6800\" data-element_type=\"widget\" data-widget_type=\"image.default\">\n\t\t\t\t<div class=\"elementor-widget-container\">\n\t\t\t\t\t\t\t\t\t\t\t\t\t\t\t<img decoding=\"async\" width=\"710\" height=\"386\" src=\"https:\/\/dotestow.dfirma.pl\/wp-content\/uploads\/2025\/02\/Screenshot-2025-02-25-at-21.07.38.png\" class=\"attachment-large size-large wp-image-19\" alt=\"\" srcset=\"https:\/\/dotestow.dfirma.pl\/wp-content\/uploads\/2025\/02\/Screenshot-2025-02-25-at-21.07.38.png 710w, https:\/\/dotestow.dfirma.pl\/wp-content\/uploads\/2025\/02\/Screenshot-2025-02-25-at-21.07.38-300x163.png 300w\" sizes=\"(max-width: 710px) 100vw, 710px\" \/>\t\t\t\t\t\t\t\t\t\t\t\t\t\t\t<\/div>\n\t\t\t\t<\/div>\n\t\t\t\t<div class=\"elementor-element elementor-element-451d4f9 elementor-widget elementor-widget-image\" data-id=\"451d4f9\" data-element_type=\"widget\" data-widget_type=\"image.default\">\n\t\t\t\t<div class=\"elementor-widget-container\">\n\t\t\t\t\t\t\t\t\t\t\t\t\t\t\t<img decoding=\"async\" width=\"710\" height=\"386\" src=\"https:\/\/dotestow.dfirma.pl\/wp-content\/uploads\/2025\/02\/Screenshot-2025-02-25-at-21.07.38.png\" class=\"attachment-large size-large wp-image-19\" alt=\"\" srcset=\"https:\/\/dotestow.dfirma.pl\/wp-content\/uploads\/2025\/02\/Screenshot-2025-02-25-at-21.07.38.png 710w, https:\/\/dotestow.dfirma.pl\/wp-content\/uploads\/2025\/02\/Screenshot-2025-02-25-at-21.07.38-300x163.png 300w\" sizes=\"(max-width: 710px) 100vw, 710px\" \/>\t\t\t\t\t\t\t\t\t\t\t\t\t\t\t<\/div>\n\t\t\t\t<\/div>\n\t\t\t\t<\/div>\n\t\t<div class=\"elementor-element elementor-element-43c6d40 e-flex e-con-boxed e-con e-parent\" data-id=\"43c6d40\" data-element_type=\"container\" data-settings=\"{&quot;background_background&quot;:&quot;classic&quot;}\">\n\t\t\t\t\t<div class=\"e-con-inner\">\n\t\t\t\t<div class=\"elementor-element elementor-element-32fdc3a elementor-widget elementor-widget-heading\" data-id=\"32fdc3a\" data-element_type=\"widget\" data-widget_type=\"heading.default\">\n\t\t\t\t<div class=\"elementor-widget-container\">\n\t\t\t\t\t<h2 class=\"elementor-heading-title elementor-size-default\">Dodaj tu sw\u00f3j tekst nag\u0142\u00f3wka<\/h2>\t\t\t\t<\/div>\n\t\t\t\t<\/div>\n\t\t\t\t<div class=\"elementor-element elementor-element-334a26b elementor-widget elementor-widget-text-editor\" data-id=\"334a26b\" data-element_type=\"widget\" data-widget_type=\"text-editor.default\">\n\t\t\t\t<div class=\"elementor-widget-container\">\n\t\t\t\t\t\t\t\t\t<p>Lorem ipsum dolor sit amet, consectetur adipiscing elit. Ut elit tellus, luctus nec ullamcorper mattis, pulvinar dapibus leo.<\/p>\t\t\t\t\t\t\t\t<\/div>\n\t\t\t\t<\/div>\n\t\t\t\t<div class=\"elementor-element elementor-element-5cfbefb elementor-widget elementor-widget-button\" data-id=\"5cfbefb\" data-element_type=\"widget\" data-widget_type=\"button.default\">\n\t\t\t\t<div class=\"elementor-widget-container\">\n\t\t\t\t\t\t\t\t\t<div class=\"elementor-button-wrapper\">\n\t\t\t\t\t<a class=\"elementor-button elementor-button-link elementor-size-sm\" href=\"#\">\n\t\t\t\t\t\t<span class=\"elementor-button-content-wrapper\">\n\t\t\t\t\t\t\t\t\t<span class=\"elementor-button-text\">Kliknij tutaj<\/span>\n\t\t\t\t\t<\/span>\n\t\t\t\t\t<\/a>\n\t\t\t\t<\/div>\n\t\t\t\t\t\t\t\t<\/div>\n\t\t\t\t<\/div>\n\t\t\t\t\t<\/div>\n\t\t\t\t<\/div>\n\t\t<div class=\"elementor-element elementor-element-54f4d47 e-flex e-con-boxed e-con e-parent\" data-id=\"54f4d47\" data-element_type=\"container\">\n\t\t\t\t\t<div class=\"e-con-inner\">\n\t\t\t\t<div class=\"elementor-element elementor-element-3c65f92 elementor-widget elementor-widget-heading\" data-id=\"3c65f92\" data-element_type=\"widget\" data-widget_type=\"heading.default\">\n\t\t\t\t<div class=\"elementor-widget-container\">\n\t\t\t\t\t<h2 class=\"elementor-heading-title elementor-size-default\">Dodaj tu sw\u00f3j tekst nag\u0142\u00f3wka<\/h2>\t\t\t\t<\/div>\n\t\t\t\t<\/div>\n\t\t\t\t<div class=\"elementor-element elementor-element-86455e6 elementor-widget elementor-widget-text-editor\" data-id=\"86455e6\" data-element_type=\"widget\" data-widget_type=\"text-editor.default\">\n\t\t\t\t<div class=\"elementor-widget-container\">\n\t\t\t\t\t\t\t\t\t<p>Lorem ipsum dolor sit amet, consectetur adipiscing elit. Ut elit tellus, luctus nec ullamcorper mattis, pulvinar dapibus leo.<\/p>\t\t\t\t\t\t\t\t<\/div>\n\t\t\t\t<\/div>\n\t\t\t\t<div class=\"elementor-element elementor-element-0fb0bbd elementor-widget elementor-widget-button\" data-id=\"0fb0bbd\" data-element_type=\"widget\" data-widget_type=\"button.default\">\n\t\t\t\t<div class=\"elementor-widget-container\">\n\t\t\t\t\t\t\t\t\t<div class=\"elementor-button-wrapper\">\n\t\t\t\t\t<a class=\"elementor-button elementor-button-link elementor-size-sm\" href=\"#\">\n\t\t\t\t\t\t<span class=\"elementor-button-content-wrapper\">\n\t\t\t\t\t\t\t\t\t<span class=\"elementor-button-text\">Kliknij tutaj<\/span>\n\t\t\t\t\t<\/span>\n\t\t\t\t\t<\/a>\n\t\t\t\t<\/div>\n\t\t\t\t\t\t\t\t<\/div>\n\t\t\t\t<\/div>\n\t\t\t\t\t<\/div>\n\t\t\t\t<\/div>\n\t\t\t\t<\/div>\n\t\t","protected":false},"excerpt":{"rendered":"<p>Dodaj tu sw\u00f3j tekst nag\u0142\u00f3wka Lorem ipsum dolor sit amet, consectetur adipiscing elit. Ut elit tellus, luctus nec ullamcorper mattis, pulvinar dapibus leo. Kliknij tutaj Kliknij tutaj Dodaj tu sw\u00f3j tekst nag\u0142\u00f3wka Lorem ipsum dolor sit amet, consectetur adipiscing elit. Ut elit tellus, luctus nec ullamcorper mattis, pulvinar dapibus leo. Kliknij tutaj Dodaj tu sw\u00f3j [&hellip;]<\/p>\n","protected":false},"author":1,"featured_media":0,"parent":0,"menu_order":0,"comment_status":"closed","ping_status":"closed","template":"","meta":{"footnotes":""},"class_list":["post-8","page","type-page","status-publish","hentry"],"_links":{"self":[{"href":"https:\/\/dotestow.dfirma.pl\/index.php\/wp-json\/wp\/v2\/pages\/8","targetHints":{"allow":["GET"]}}],"collection":[{"href":"https:\/\/dotestow.dfirma.pl\/index.php\/wp-json\/wp\/v2\/pages"}],"about":[{"href":"https:\/\/dotestow.dfirma.pl\/index.php\/wp-json\/wp\/v2\/types\/page"}],"author":[{"embeddable":true,"href":"https:\/\/dotestow.dfirma.pl\/index.php\/wp-json\/wp\/v2\/users\/1"}],"replies":[{"embeddable":true,"href":"https:\/\/dotestow.dfirma.pl\/index.php\/wp-json\/wp\/v2\/comments?post=8"}],"version-history":[{"count":13,"href":"https:\/\/dotestow.dfirma.pl\/index.php\/wp-json\/wp\/v2\/pages\/8\/revisions"}],"predecessor-version":[{"id":26,"href":"https:\/\/dotestow.dfirma.pl\/index.php\/wp-json\/wp\/v2\/pages\/8\/revisions\/26"}],"wp:attachment":[{"href":"https:\/\/dotestow.dfirma.pl\/index.php\/wp-json\/wp\/v2\/media?parent=8"}],"curies":[{"name":"wp","href":"https:\/\/api.w.org\/{rel}","templated":true}]}}